{"id":1131,"date":"2025-01-29T18:32:42","date_gmt":"2025-01-29T18:32:42","guid":{"rendered":"https:\/\/goodra.pl\/sklep\/?page_id=1131"},"modified":"2025-01-30T15:04:51","modified_gmt":"2025-01-30T15:04:51","slug":"certyfikat","status":"publish","type":"page","link":"https:\/\/goodra.pl\/sklep\/certyfikat\/","title":{"rendered":"Gwarancja i certyfikat"},"content":{"rendered":"\n<div id=\"wd-de21f5a2\" class=\"wp-block-wd-row\">\n<div id=\"wd-281282a9\" class=\"wp-block-wd-column\">\n<div id=\"wd-5c95f526\" class=\"wp-block-wd-image wd-block-image\"><img loading=\"lazy\" decoding=\"async\" width=\"600\" height=\"397\" class=\"wp-image-1236\" src=\"https:\/\/goodra.pl\/sklep\/wp-content\/uploads\/2025\/01\/zasady-certyfikacji.jpg\" alt=\"\" srcset=\"https:\/\/goodra.pl\/sklep\/wp-content\/uploads\/2025\/01\/zasady-certyfikacji.jpg 600w, https:\/\/goodra.pl\/sklep\/wp-content\/uploads\/2025\/01\/zasady-certyfikacji-300x199.jpg 300w, https:\/\/goodra.pl\/sklep\/wp-content\/uploads\/2025\/01\/zasady-certyfikacji-150x99.jpg 150w\" sizes=\"auto, (max-width: 600px) 100vw, 600px\" \/><\/div>\n<\/div>\n\n\n\n<div id=\"wd-7aec83f9\" class=\"wp-block-wd-column\">\n<h2 id=\"wd-f57d0afb\" class=\"wp-block-wd-title title\">Zasady certyfikacji<\/h2>\n\n\n\n<p id=\"wd-d4e33312\" class=\"wp-block-wd-paragraph\">\u201cKRAINA \u0141\u0118G\u00d3W ODRZA\u0143SKICH POLECA\u201d to system certyfikacji lokalnych produkt\u00f3w, us\u0142ug czy wydarze\u0144, kt\u00f3rego celem jest wykreowanie atrakcyjnej i dobrze kojarzonej marki regionu. Znak jest przyznawany najlepszym produktom, us\u0142ugom i wydarzeniom z Krainy \u0141\u0119g\u00f3w Odrza\u0144skich. Jest gwarantem jako\u015bci i zwi\u0105zku z regionem.<\/p>\n\n\n\n<p id=\"wd-92fe9efd\" class=\"wp-block-wd-paragraph\">Znakiem chcemy wyr\u00f3\u017cnia\u0107 produkty, us\u0142ugi i wydarzenia charakteryzuj\u0105ce si\u0119 wyj\u0105tkowo\u015bci\u0105, wysok\u0105 jako\u015bci\u0105, tworzone i rozwijane w oparciu o szeroko rozumiane zasoby naszego regionu, w powi\u0105zaniu z regionem oraz zgodnie z zasadami zr\u00f3wnowa\u017conego rozwoju.<br>Wierzymy, \u017ce U\u017cytkownicy Znaku b\u0119d\u0105 najlepszymi Ambasadorami naszego Regionu!<\/p>\n<\/div>\n<\/div>\n\n\n\n<div id=\"wd-7b61e033\" class=\"wp-block-wd-row\">\n<div id=\"wd-49f6ffe1\" class=\"wp-block-wd-column\">\n<h2 id=\"wd-d29342ae\" class=\"wp-block-wd-title title\">Jak to dzia\u0142a?<\/h2>\n\n\n\n<p id=\"wd-a120c4eb\" class=\"wp-block-wd-paragraph\">Do Znaku mo\u017cna zg\u0142osi\u0107 jedynie produkt wytwarzany w Krainie \u0141\u0119g\u00f3w Odrza\u0144skich lub us\u0142ug\u0119\/wydarzenie realizowan\u0105 w naszym regionie.<\/p>\n\n\n\n<p id=\"wd-cead3d5a\" class=\"wp-block-wd-paragraph\">Znak przyznawany jest w nast\u0119puj\u0105cych kategoriach:<\/p>\n\n\n\n<p id=\"wd-8d68ea80\" class=\"wp-block-wd-paragraph\"><strong>PRODUKTY:<\/strong><\/p>\n\n\n\n<ul class=\"wp-block-list\">\n<li>spo\u017cywcze nieprzetworzone i przetworzone<\/li>\n\n\n\n<li>rzemios\u0142o\/r\u0119kodzie\u0142o<\/li>\n<\/ul>\n\n\n\n<p id=\"wd-1b1b1caa\" class=\"wp-block-wd-paragraph\"><strong>US\u0141UGI:<\/strong><\/p>\n\n\n\n<ul class=\"wp-block-list\">\n<li>noclegowe,<\/li>\n\n\n\n<li>gastronomiczne,<\/li>\n\n\n\n<li>turystyczne\/rekreacyjne,<\/li>\n\n\n\n<li>edukacyjne\/kulturalne,<\/li>\n<\/ul>\n\n\n\n<p id=\"wd-6e047004\" class=\"wp-block-wd-paragraph\"><strong>WYDARZENIA<\/strong><\/p>\n\n\n\n<ul class=\"wp-block-list\">\n<li>kulturalne\/sportowe\/interdyscyplinarne<\/li>\n<\/ul>\n\n\n\n<p id=\"wd-7e08aa3f\" class=\"wp-block-wd-paragraph\"><strong>MIEJSCE<\/strong><\/p>\n\n\n\n<p id=\"wd-189c0916\" class=\"wp-block-wd-paragraph\"><strong>Zg\u0142oszony produkt, us\u0142ug\u0119 czy wydarzenie ocenia specjalnie powo\u0142ana do tego celu Kapitu\u0142a Znaku wed\u0142ug nast\u0119puj\u0105cych kryteri\u00f3w:<\/strong><\/p>\n\n\n\n<p><strong>Wsp\u00f3\u0142praca<\/strong><\/p>\n\n\n\n<p><strong>Zwi\u0105zek z regionem<\/strong><\/p>\n\n\n\n<p><strong>Wyj\u0105tkowy charakter<\/strong><\/p>\n\n\n\n<p><strong>Jako\u015b\u0107<\/strong><\/p>\n\n\n\n<p><strong>Przyjazno\u015b\u0107 dla \u015brodowiska<\/strong><\/p>\n\n\n\n<p><strong>Dost\u0119pno\u015b\u0107 i otwarto\u015b\u0107 na klienta<\/strong><\/p>\n<\/div>\n\n\n\n<div id=\"wd-f9542a90\" class=\"wp-block-wd-column\">\n<div id=\"wd-04c54753\" class=\"wp-block-wd-image wd-block-image\"><img loading=\"lazy\" decoding=\"async\" width=\"678\" height=\"888\" class=\"wp-image-1237\" src=\"https:\/\/goodra.pl\/sklep\/wp-content\/uploads\/2025\/01\/Produkty-do-certyfikacji.jpg\" alt=\"\" srcset=\"https:\/\/goodra.pl\/sklep\/wp-content\/uploads\/2025\/01\/Produkty-do-certyfikacji.jpg 678w, https:\/\/goodra.pl\/sklep\/wp-content\/uploads\/2025\/01\/Produkty-do-certyfikacji-229x300.jpg 229w, https:\/\/goodra.pl\/sklep\/wp-content\/uploads\/2025\/01\/Produkty-do-certyfikacji-150x196.jpg 150w\" sizes=\"auto, (max-width: 678px) 100vw, 678px\" \/><\/div>\n<\/div>\n<\/div>\n\n\n\n<div id=\"wd-41ab2ecd\" class=\"wp-block-wd-container wd-dir-col wd-align\">\n<div id=\"wd-f2e6a87a\" class=\"wp-block-wd-row\">\n<div id=\"wd-4053ae54\" class=\"wp-block-wd-column wd-align\">\n<p id=\"wd-6c97f508\" class=\"wp-block-wd-paragraph\"><strong>Znak przyznawany jest na dan\u0105 edycj\u0119, czyli rok kalendarzowy.<\/strong><\/p>\n\n\n\n<p id=\"wd-2cd31cd3\" class=\"wp-block-wd-paragraph\">Wnioski nale\u017cy sk\u0142ada\u0107 w ramach specjalnego naboru organizowanego przez nas w IV kwartale roku poprzedzaj\u0105cego edycj\u0119 znaku, przy czym jest mo\u017cliwo\u015b\u0107 zg\u0142oszenia oferty w terminie p\u00f3\u017aniejszym.<\/p>\n\n\n\n<p id=\"wd-b8cb3291\" class=\"wp-block-wd-paragraph\">Wyr\u00f3\u017cnienie przyznane na\u00a0 dany rok kalendarzowy b\u0119dzie mo\u017cna przed\u0142u\u017cy\u0107 po spe\u0142nieniu okre\u015blonych warunk\u00f3w.<\/p>\n\n\n\n<p id=\"wd-6d9faa99\" class=\"wp-block-wd-paragraph\">Warunkiem korzystania ze Znaku b\u0119dzie podpisanie umowy licencyjnej i wniesienie op\u0142aty licencyjnej \u2013 jej wysoko\u015b\u0107 ustalana jest co roku i podawana do wiadomo\u015bci wraz z og\u0142oszeniem o naborze.<\/p>\n\n\n\n<p>O prawo do pos\u0142ugiwania si\u0119 Znakiem mog\u0105 ubiega\u0107 si\u0119 osoby mieszkaj\u0105ce lub podmioty z siedzib\u0105 na terenie Krainy \u0141\u0119g\u00f3w Odrza\u0144skich, przy czym w uzasadnionych sytuacjach prawo do pos\u0142ugiwania si\u0119 Znakiem mog\u0105 otrzyma\u0107 osoby lub podmioty spoza obszaru, je\u017celi swoj\u0105 dzia\u0142alno\u015b\u0107 zwi\u0105zan\u0105 z ze zg\u0142aszanym produktem\/us\u0142ug\u0105\/wydarzeniem prowadz\u0105 w K\u0141O.<\/p>\n\n\n\n<p id=\"wd-64146e64\" class=\"wp-block-wd-paragraph\"><\/p>\n<\/div>\n\n\n\n<div id=\"wd-bce6540b\" class=\"wp-block-wd-column\">\n<div id=\"wd-09b5dfdc\" class=\"wp-block-wd-image wd-block-image\"><img loading=\"lazy\" decoding=\"async\" width=\"578\" height=\"432\" class=\"wp-image-1240\" src=\"https:\/\/goodra.pl\/sklep\/wp-content\/uploads\/2025\/01\/przyznawanie-znaku.jpg\" alt=\"\" srcset=\"https:\/\/goodra.pl\/sklep\/wp-content\/uploads\/2025\/01\/przyznawanie-znaku.jpg 578w, https:\/\/goodra.pl\/sklep\/wp-content\/uploads\/2025\/01\/przyznawanie-znaku-300x224.jpg 300w, https:\/\/goodra.pl\/sklep\/wp-content\/uploads\/2025\/01\/przyznawanie-znaku-150x112.jpg 150w\" sizes=\"auto, (max-width: 578px) 100vw, 578px\" \/><\/div>\n<\/div>\n<\/div>\n<\/div>\n\n\n\n<div id=\"wd-73890a44\" class=\"wp-block-wd-row\">\n<div id=\"wd-a25f5405\" class=\"wp-block-wd-column\">\n<h2 id=\"wd-782a4928\" class=\"wp-block-wd-title title wd-align\">Jakie s\u0105 korzy\u015bci z otrzymania znaku?<\/h2>\n<\/div>\n<\/div>\n\n\n\n<div id=\"wd-ef0779fb\" class=\"wp-block-wd-row\">\n<div id=\"wd-5330a312\" class=\"wp-block-wd-column wd-align-is-lg-center\">\n<p id=\"wd-4c894c2d\" class=\"wp-block-wd-paragraph wd-align\"><strong>To potwierdzenie jako\u015bci, wiarygodno\u015bci i regionalnego czy lokalnego charakteru oferty, a wi\u0119c tych cech, kt\u00f3rych szukaj\u0105 klienci i tury\u015bci.<\/strong><\/p>\n<\/div>\n\n\n\n<div id=\"wd-e5c7eaa9\" class=\"wp-block-wd-column wd-align-is-lg-center\">\n<p id=\"wd-48d85b50\" class=\"wp-block-wd-paragraph wd-align\">To tak\u017ce istotne wsparcie LGD w promocji i rozwoju produkt\u00f3w, us\u0142ug i wydarze\u0144, budowaniu wsp\u00f3lnej oferty oraz wzmacnianiu wsp\u00f3\u0142pracy w zakresie marketingu i reklamy.<\/p>\n<\/div>\n\n\n\n<div id=\"wd-d16a39d1\" class=\"wp-block-wd-column wd-align-is-lg-center\">\n<p id=\"wd-2eb69eaa\" class=\"wp-block-wd-paragraph wd-align\">Znak jest wyr\u00f3\u017cnieniem wzmacniaj\u0105cym zar\u00f3wno potencja\u0142 i rozpoznawalno\u015b\u0107 nagrodzonego produktu, us\u0142ugi czy wydarzenia, jak i potencja\u0142 i mark\u0119 regionu Krainy \u0141\u0119g\u00f3w Odrza\u0144skich.<\/p>\n<\/div>\n<\/div>\n\n\n\n<p><\/p>\n","protected":false},"excerpt":{"rendered":"","protected":false},"author":1,"featured_media":0,"parent":0,"menu_order":0,"comment_status":"closed","ping_status":"closed","template":"","meta":{"footnotes":""},"class_list":["post-1131","page","type-page","status-publish","hentry"],"_links":{"self":[{"href":"https:\/\/goodra.pl\/sklep\/wp-json\/wp\/v2\/pages\/1131","targetHints":{"allow":["GET"]}}],"collection":[{"href":"https:\/\/goodra.pl\/sklep\/wp-json\/wp\/v2\/pages"}],"about":[{"href":"https:\/\/goodra.pl\/sklep\/wp-json\/wp\/v2\/types\/page"}],"author":[{"embeddable":true,"href":"https:\/\/goodra.pl\/sklep\/wp-json\/wp\/v2\/users\/1"}],"replies":[{"embeddable":true,"href":"https:\/\/goodra.pl\/sklep\/wp-json\/wp\/v2\/comments?post=1131"}],"version-history":[{"count":13,"href":"https:\/\/goodra.pl\/sklep\/wp-json\/wp\/v2\/pages\/1131\/revisions"}],"predecessor-version":[{"id":1252,"href":"https:\/\/goodra.pl\/sklep\/wp-json\/wp\/v2\/pages\/1131\/revisions\/1252"}],"wp:attachment":[{"href":"https:\/\/goodra.pl\/sklep\/wp-json\/wp\/v2\/media?parent=1131"}],"curies":[{"name":"wp","href":"https:\/\/api.w.org\/{rel}","templated":true}]}}