{"id":1257,"date":"2025-01-30T15:06:46","date_gmt":"2025-01-30T15:06:46","guid":{"rendered":"https:\/\/goodra.pl\/sklep\/?page_id=1257"},"modified":"2025-02-19T20:31:14","modified_gmt":"2025-02-19T20:31:14","slug":"gwarancja","status":"publish","type":"page","link":"https:\/\/goodra.pl\/sklep\/gwarancja\/","title":{"rendered":"Gwarancja"},"content":{"rendered":"\n<div id=\"wd-d5c637e2\" class=\"wp-block-wd-container wd-dir-col\">\n<h2 id=\"wd-a2cbe3c2\" class=\"wp-block-wd-title title wd-align\">Gwarancja Jako\u015bci Produkt\u00f3w Spo\u017cywczych &#8211; GoOdra<\/h2>\n\n\n\n<div id=\"wd-8c35e8dc\" class=\"wp-block-wd-image wd-block-image wd-align-s-center\"><img loading=\"lazy\" decoding=\"async\" width=\"1200\" height=\"556\" class=\"wp-image-1744\" src=\"https:\/\/goodra.pl\/sklep\/wp-content\/uploads\/2025\/02\/Legowa-petla-dostaw-GoOdra.jpg\" alt=\"\" srcset=\"https:\/\/goodra.pl\/sklep\/wp-content\/uploads\/2025\/02\/Legowa-petla-dostaw-GoOdra.jpg 1200w, https:\/\/goodra.pl\/sklep\/wp-content\/uploads\/2025\/02\/Legowa-petla-dostaw-GoOdra-300x139.jpg 300w, https:\/\/goodra.pl\/sklep\/wp-content\/uploads\/2025\/02\/Legowa-petla-dostaw-GoOdra-1024x474.jpg 1024w, https:\/\/goodra.pl\/sklep\/wp-content\/uploads\/2025\/02\/Legowa-petla-dostaw-GoOdra-768x356.jpg 768w, https:\/\/goodra.pl\/sklep\/wp-content\/uploads\/2025\/02\/Legowa-petla-dostaw-GoOdra-150x70.jpg 150w\" sizes=\"auto, (max-width: 1200px) 100vw, 1200px\" \/><\/div>\n\n\n\n<div id=\"wd-6f0b05eb\" class=\"wp-block-wd-row\">\n<div id=\"wd-4147bef8\" class=\"wp-block-wd-column\"><\/div>\n\n\n\n<div id=\"wd-155a8cbd\" class=\"wp-block-wd-column\"><\/div>\n<\/div>\n\n\n\n<div id=\"wd-420f4b4e\" class=\"wp-block-wd-row\">\n<div id=\"wd-043972d0\" class=\"wp-block-wd-column wd-align-is-lg-center\">\n<p id=\"wd-cd2f6f5a\" class=\"wp-block-wd-paragraph wd-align\"><strong>1. Monitorowanie i kontrolowanie jako\u015bci:<\/strong><\/p>\n\n\n\n<ul class=\"wp-block-list\">\n<li>Ka\u017cdy etap procesu, od zakupu surowc\u00f3w, przez produkcj\u0119, a\u017c po dostaw\u0119 do klienta, jest dok\u0142adnie monitorowany i kontrolowany.<\/li>\n\n\n\n<li>Prowadzimy regularne audyty jako\u015bci i testy produkt\u00f3w, aby zapewni\u0107, \u017ce spe\u0142niaj\u0105 one nasze rygorystyczne standardy.<\/li>\n<\/ul>\n<\/div>\n\n\n\n<div id=\"wd-c55be48f\" class=\"wp-block-wd-column wd-align-is-lg-center\">\n<p id=\"wd-8e3a7865\" class=\"wp-block-wd-paragraph wd-align\">2. Partnerstwo z dostawcami:<\/p>\n\n\n\n<ul class=\"wp-block-list\">\n<li>Wsp\u00f3\u0142pracujemy tylko z renomowanymi i sprawdzonymi dostawcami, kt\u00f3rzy przestrzegaj\u0105 najwy\u017cszych standard\u00f3w jako\u015bci.<\/li>\n\n\n\n<li>Regularnie odwiedzamy naszych dostawc\u00f3w i sprawdzamy warunki, w jakich s\u0105 produkowane i przechowywane surowce oraz produkty.<\/li>\n<\/ul>\n<\/div>\n\n\n\n<div id=\"wd-ee32c89a\" class=\"wp-block-wd-column wd-align-is-lg-center\">\n<p id=\"wd-1c15abd7\" class=\"wp-block-wd-paragraph wd-align\">3. Ci\u0105g\u0142e doskonalenie:<\/p>\n\n\n\n<ul class=\"wp-block-list\">\n<li>Nasze procesy wewn\u0119trzne s\u0105 regularnie analizowane i optymalizowane w celu ci\u0105g\u0142ej poprawy jako\u015bci produkt\u00f3w i us\u0142ug.<\/li>\n\n\n\n<li>Inwestujemy w nowoczesne technologie i szkolenia dla pracownik\u00f3w, aby zwi\u0119ksza\u0107 efektywno\u015b\u0107 i jako\u015b\u0107 naszej dzia\u0142alno\u015bci.<\/li>\n<\/ul>\n<\/div>\n<\/div>\n\n\n\n<div id=\"wd-78e360a0\" class=\"wp-block-wd-row\">\n<div id=\"wd-75a5decb\" class=\"wp-block-wd-column wd-align-is-lg-center\">\n<p id=\"wd-c3da47c8\" class=\"wp-block-wd-paragraph\"><strong>4. Przestrzeganie przepis\u00f3w prawa:<\/strong><\/p>\n\n\n\n<ul class=\"wp-block-list\">\n<li>Wszystkie nasze produkty s\u0105 zgodne z obowi\u0105zuj\u0105cymi przepisami prawa dotycz\u0105cymi bezpiecze\u0144stwa produkt\u00f3w spo\u017cywczych.<\/li>\n<\/ul>\n\n\n\n<ul class=\"wp-block-list\">\n<li>Posiadamy wszelkie wymagane certyfikaty i zezwolenia, kt\u00f3re potwierdzaj\u0105 spe\u0142nianie norm jako\u015bciowych.<\/li>\n<\/ul>\n<\/div>\n\n\n\n<div id=\"wd-4d9abdd7\" class=\"wp-block-wd-column wd-align-is-lg-center\">\n<p id=\"wd-e75d0080\" class=\"wp-block-wd-paragraph wd-align\"><strong>5. \u015awie\u017co\u015b\u0107 i odpowiednie przechowywanie:<\/strong><\/p>\n\n\n\n<ul class=\"wp-block-list\">\n<li>Zapewniamy, \u017ce wszystkie produkty s\u0105 \u015bwie\u017ce i przechowywane w odpowiednich warunkach.<\/li>\n\n\n\n<li>Stosujemy nowoczesne metody ch\u0142odzenia i pakowania, aby utrzyma\u0107 \u015bwie\u017co\u015b\u0107 produkt\u00f3w na d\u0142u\u017cej.<\/li>\n\n\n\n<li>Nasze produkty powstaj\u0105 z surowc\u00f3w pozyskanych w kr\u00f3tkich \u0142a\u0144cuchach dostaw.<\/li>\n<\/ul>\n<\/div>\n\n\n\n<div id=\"wd-7c6a5cca\" class=\"wp-block-wd-column wd-align-is-lg-center\">\n<p id=\"wd-3f6f63d8\" class=\"wp-block-wd-paragraph wd-align\">6. Bezpiecze\u0144stwo \u017cywno\u015bci:<\/p>\n\n\n\n<ul class=\"wp-block-list\">\n<li>Wsp\u00f3\u0142pracujemy tylko z renomowanymi i sprawdzonymi dostawcami, kt\u00f3rzy przestrzegaj\u0105 najwy\u017cszych standard\u00f3w jako\u015bci.<\/li>\n\n\n\n<li>Regularnie odwiedzamy naszych dostawc\u00f3w i sprawdzamy warunki, w jakich s\u0105 produkowane i przechowywane surowce oraz produkty.<\/li>\n<\/ul>\n<\/div>\n<\/div>\n\n\n\n<div id=\"wd-2798e413\" class=\"wp-block-wd-row\">\n<div id=\"wd-7ece74d4\" class=\"wp-block-wd-column wd-align-is-lg-center\">\n<p class=\"has-medium-font-size\"><strong>Produkty naszych dostawc\u00f3w s\u0105 certyfikowane<\/strong><\/p>\n\n\n\n<p>Dzi\u0119ki tym dzia\u0142aniom, GoOdra gwarantuje najwy\u017csz\u0105 jako\u015b\u0107 produkt\u00f3w spo\u017cywczych dostarczanych bezpo\u015brednio do Twojego domu.<\/p>\n\n\n\n<ul class=\"wp-block-list\">\n<li>Wszystkie nasze produkty s\u0105 zgodne z obowi\u0105zuj\u0105cymi przepisami prawa dotycz\u0105cymi bezpiecze\u0144stwa produkt\u00f3w spo\u017cywczych.<\/li>\n<\/ul>\n\n\n\n<ul class=\"wp-block-list\">\n<li>Posiadamy wszelkie wymagane certyfikaty i zezwolenia, kt\u00f3re potwierdzaj\u0105 spe\u0142nianie norm jako\u015bciowych.<\/li>\n<\/ul>\n<\/div>\n\n\n\n<div id=\"wd-d8113018\" class=\"wp-block-wd-column wd-align-is-lg-center\">\n<div id=\"wd-b3cbf584\" class=\"wp-block-wd-image wd-block-image\"><img loading=\"lazy\" decoding=\"async\" width=\"600\" height=\"397\" class=\"wp-image-1236\" src=\"https:\/\/goodra.pl\/sklep\/wp-content\/uploads\/2025\/01\/zasady-certyfikacji.jpg\" alt=\"\" srcset=\"https:\/\/goodra.pl\/sklep\/wp-content\/uploads\/2025\/01\/zasady-certyfikacji.jpg 600w, https:\/\/goodra.pl\/sklep\/wp-content\/uploads\/2025\/01\/zasady-certyfikacji-300x199.jpg 300w, https:\/\/goodra.pl\/sklep\/wp-content\/uploads\/2025\/01\/zasady-certyfikacji-150x99.jpg 150w\" sizes=\"auto, (max-width: 600px) 100vw, 600px\" \/><\/div>\n<\/div>\n<\/div>\n<\/div>\n","protected":false},"excerpt":{"rendered":"","protected":false},"author":1,"featured_media":0,"parent":0,"menu_order":0,"comment_status":"closed","ping_status":"closed","template":"","meta":{"footnotes":""},"class_list":["post-1257","page","type-page","status-publish","hentry"],"_links":{"self":[{"href":"https:\/\/goodra.pl\/sklep\/wp-json\/wp\/v2\/pages\/1257","targetHints":{"allow":["GET"]}}],"collection":[{"href":"https:\/\/goodra.pl\/sklep\/wp-json\/wp\/v2\/pages"}],"about":[{"href":"https:\/\/goodra.pl\/sklep\/wp-json\/wp\/v2\/types\/page"}],"author":[{"embeddable":true,"href":"https:\/\/goodra.pl\/sklep\/wp-json\/wp\/v2\/users\/1"}],"replies":[{"embeddable":true,"href":"https:\/\/goodra.pl\/sklep\/wp-json\/wp\/v2\/comments?post=1257"}],"version-history":[{"count":17,"href":"https:\/\/goodra.pl\/sklep\/wp-json\/wp\/v2\/pages\/1257\/revisions"}],"predecessor-version":[{"id":1745,"href":"https:\/\/goodra.pl\/sklep\/wp-json\/wp\/v2\/pages\/1257\/revisions\/1745"}],"wp:attachment":[{"href":"https:\/\/goodra.pl\/sklep\/wp-json\/wp\/v2\/media?parent=1257"}],"curies":[{"name":"wp","href":"https:\/\/api.w.org\/{rel}","templated":true}]}}